{"id":3018,"date":"2021-12-06T13:37:22","date_gmt":"2021-12-06T06:37:22","guid":{"rendered":"https:\/\/hilink.vn\/demo\/?page_id=3018"},"modified":"2022-11-30T11:30:45","modified_gmt":"2022-11-30T04:30:45","slug":"lien-he","status":"publish","type":"page","link":"https:\/\/workspace.hicorp.vn\/vn\/lien-he\/","title":{"rendered":"Li\u00ean h\u1ec7"},"content":{"rendered":"\t\t<div data-elementor-type=\"wp-post\" data-elementor-id=\"3018\" class=\"elementor elementor-3018\">\n\t\t\t\t\t\t\t\t\t<div class=\"elementor-section elementor-top-section elementor-element elementor-element-9712613 elementor-section-stretched elementor-section-content-middle elementor-section-boxed elementor-section-height-default elementor-section-height-default\" data-id=\"9712613\" data-element_type=\"section\" data-settings=\"{&quot;stretch_section&quot;:&quot;section-stretched&quot;}\">\n\t\t\t\t\t\t<div class=\"elementor-container elementor-column-gap-no\">\n\t\t\t\t\t<div class=\"elementor-column elementor-col-50 elementor-top-column elementor-element elementor-element-f97ef74\" data-id=\"f97ef74\" data-element_type=\"column\" data-settings=\"{&quot;background_background&quot;:&quot;classic&quot;}\">\n\t\t\t<div class=\"elementor-widget-wrap elementor-element-populated\">\n\t\t\t\t\t\t\t\t<div class=\"elementor-element elementor-element-351d8e3 elementor-widget elementor-widget-text-editor\" data-id=\"351d8e3\" data-element_type=\"widget\" data-widget_type=\"text-editor.default\">\n\t\t\t\t<div class=\"elementor-widget-container\">\n\t\t\t\t\t\t\t<p>LI\u00caN H\u1ec6<\/p>\t\t\t\t\t\t<\/div>\n\t\t\t\t<\/div>\n\t\t\t\t<div class=\"elementor-element elementor-element-b33406f elementor-widget elementor-widget-heading\" data-id=\"b33406f\" data-element_type=\"widget\" data-widget_type=\"heading.default\">\n\t\t\t\t<div class=\"elementor-widget-container\">\n\t\t\t<h2 class=\"elementor-heading-title elementor-size-default\">Ch\u00fang t\u00f4i lu\u00f4n s\u1eb5n s\u00e0ng th\u1ea3o lu\u1eadn<\/h2>\t\t<\/div>\n\t\t\t\t<\/div>\n\t\t\t\t\t<\/div>\n\t\t<\/div>\n\t\t\t\t<div class=\"elementor-column elementor-col-50 elementor-top-column elementor-element elementor-element-5c52084\" data-id=\"5c52084\" data-element_type=\"column\">\n\t\t\t<div class=\"elementor-widget-wrap elementor-element-populated\">\n\t\t\t\t\t\t\t\t<div class=\"elementor-element elementor-element-b803606 elementor-widget elementor-widget-text-editor\" data-id=\"b803606\" data-element_type=\"widget\" data-widget_type=\"text-editor.default\">\n\t\t\t\t<div class=\"elementor-widget-container\">\n\t\t\t\t\t\t\t<p>Ch\u00fang t\u00f4i g\u1ed3m nh\u1eefng c\u00e1 nh\u00e2n t\u1eadn t\u00e2m, lu\u00f4n kh\u00f4ng ng\u1eebng n\u1ed7 l\u1ef1c \u0111\u1ec3 cung c\u1ea5p c\u00e1c d\u1ecbch v\u1ee5 \u0111\u1eb3ng c\u1ea5p th\u1ebf gi\u1edbi cho kh\u00e1ch h\u00e0ng. Kh\u00f4ng gian \u0111\u1eb3ng c\u1ea5p v\u00e0 tr\u1ea3i nghi\u1ec7m kh\u00e1ch h\u00e0ng ch\u00ednh l\u00e0 ngu\u1ed3n c\u1ea3m h\u1ee9ng cho ch\u00fang t\u00f4i gi\u00fap kh\u00e1ch h\u00e0ng c\u1ee7a m\u00ecnh t\u1ea1o ra c\u00e1c ngu\u1ed3n gi\u00e1 tr\u1ecb m\u1edbi cho doanh nghi\u1ec7p c\u1ee7a h\u1ecd.<\/p>\t\t\t\t\t\t<\/div>\n\t\t\t\t<\/div>\n\t\t\t\t\t<\/div>\n\t\t<\/div>\n\t\t\t\t\t\t\t<\/div>\n\t\t<\/div>\n\t\t\t\t<div class=\"elementor-section elementor-top-section elementor-element elementor-element-2004ba5 elementor-section-stretched elementor-section-boxed elementor-section-height-default elementor-section-height-default\" data-id=\"2004ba5\" data-element_type=\"section\" data-settings=\"{&quot;stretch_section&quot;:&quot;section-stretched&quot;}\">\n\t\t\t\t\t\t<div class=\"elementor-container elementor-column-gap-no\">\n\t\t\t\t\t<div class=\"elementor-column elementor-col-33 elementor-top-column elementor-element elementor-element-f643deb\" data-id=\"f643deb\" data-element_type=\"column\">\n\t\t\t<div class=\"elementor-widget-wrap elementor-element-populated\">\n\t\t\t\t\t\t\t\t<div class=\"elementor-element elementor-element-5fcaa95 elementor-view-stacked elementor-position-left elementor-shape-circle elementor-vertical-align-top elementor-widget elementor-widget-icon-box\" data-id=\"5fcaa95\" data-element_type=\"widget\" data-widget_type=\"icon-box.default\">\n\t\t\t\t<div class=\"elementor-widget-container\">\n\t\t\t        <div class=\"elementor-icon-box-wrapper\">\n                    <div class=\"elementor-icon-box-icon\">\n            <span class=\"elementor-icon elementor-animation-\" >\n            <i class=\"fa fa-phone\" aria-hidden=\"true\"><\/i>\n            <\/span>\n            <\/div>\n                <div class=\"elementor-icon-box-content\">\n            <h3 class=\"elementor-icon-box-title\">\n                <span >\u0110i\u1ec7n tho\u1ea1i<\/span>\n            <\/h3>\n            <p class=\"elementor-icon-box-description\">(+84) 866 237 900<\/p>\n            <\/div>\n        <\/div>\n        \t\t<\/div>\n\t\t\t\t<\/div>\n\t\t\t\t\t<\/div>\n\t\t<\/div>\n\t\t\t\t<div class=\"elementor-column elementor-col-33 elementor-top-column elementor-element elementor-element-3638a86\" data-id=\"3638a86\" data-element_type=\"column\">\n\t\t\t<div class=\"elementor-widget-wrap elementor-element-populated\">\n\t\t\t\t\t\t\t\t<div class=\"elementor-element elementor-element-b4af803 elementor-view-stacked elementor-position-left elementor-shape-circle elementor-vertical-align-top elementor-widget elementor-widget-icon-box\" data-id=\"b4af803\" data-element_type=\"widget\" data-widget_type=\"icon-box.default\">\n\t\t\t\t<div class=\"elementor-widget-container\">\n\t\t\t        <div class=\"elementor-icon-box-wrapper\">\n                    <div class=\"elementor-icon-box-icon\">\n            <span class=\"elementor-icon elementor-animation-\" >\n            <i class=\"fa fa-envelope-o\" aria-hidden=\"true\"><\/i>\n            <\/span>\n            <\/div>\n                <div class=\"elementor-icon-box-content\">\n            <h3 class=\"elementor-icon-box-title\">\n                <span >Email<\/span>\n            <\/h3>\n            <p class=\"elementor-icon-box-description\">workspace@hicorp.vn<\/p>\n            <\/div>\n        <\/div>\n        \t\t<\/div>\n\t\t\t\t<\/div>\n\t\t\t\t\t<\/div>\n\t\t<\/div>\n\t\t\t\t<div class=\"elementor-column elementor-col-33 elementor-top-column elementor-element elementor-element-0392f0d\" data-id=\"0392f0d\" data-element_type=\"column\">\n\t\t\t<div class=\"elementor-widget-wrap elementor-element-populated\">\n\t\t\t\t\t\t\t\t<div class=\"elementor-element elementor-element-c797364 elementor-view-stacked elementor-position-left elementor-shape-circle elementor-vertical-align-top elementor-widget elementor-widget-icon-box\" data-id=\"c797364\" data-element_type=\"widget\" data-widget_type=\"icon-box.default\">\n\t\t\t\t<div class=\"elementor-widget-container\">\n\t\t\t        <div class=\"elementor-icon-box-wrapper\">\n                    <div class=\"elementor-icon-box-icon\">\n            <span class=\"elementor-icon elementor-animation-\" >\n            <i class=\"fa fa-map-marker\" aria-hidden=\"true\"><\/i>\n            <\/span>\n            <\/div>\n                <div class=\"elementor-icon-box-content\">\n            <h3 class=\"elementor-icon-box-title\">\n                <span >\u0110\u1ecba ch\u1ec9<\/span>\n            <\/h3>\n            <p class=\"elementor-icon-box-description\">T\u1ea7ng 15, S\u1ed1 4 T\u00f4n Th\u1ea5t T\u00f9ng, \u0110\u1ed1ng \u0110a, H\u00e0 N\u1ed9i, Vi\u1ec7t Nam<\/p>\n            <\/div>\n        <\/div>\n        \t\t<\/div>\n\t\t\t\t<\/div>\n\t\t\t\t\t<\/div>\n\t\t<\/div>\n\t\t\t\t\t\t\t<\/div>\n\t\t<\/div>\n\t\t\t\t<div class=\"elementor-section elementor-top-section elementor-element elementor-element-908cf6f elementor-section-stretched elementor-section-boxed elementor-section-height-default elementor-section-height-default\" data-id=\"908cf6f\" data-element_type=\"section\" data-settings=\"{&quot;stretch_section&quot;:&quot;section-stretched&quot;}\">\n\t\t\t\t\t\t<div class=\"elementor-container elementor-column-gap-no\">\n\t\t\t\t\t<div class=\"elementor-column elementor-col-50 elementor-top-column elementor-element elementor-element-91da93b\" data-id=\"91da93b\" data-element_type=\"column\">\n\t\t\t<div class=\"elementor-widget-wrap elementor-element-populated\">\n\t\t\t\t\t\t\t\t<div class=\"elementor-element elementor-element-0aa0563 elementor-widget elementor-widget-heading\" data-id=\"0aa0563\" data-element_type=\"widget\" data-widget_type=\"heading.default\">\n\t\t\t\t<div class=\"elementor-widget-container\">\n\t\t\t<h2 class=\"elementor-heading-title elementor-size-default\">Y\u00caU C\u1ea6U G\u1eccI L\u1ea0I<\/h2>\t\t<\/div>\n\t\t\t\t<\/div>\n\t\t\t\t<div class=\"elementor-element elementor-element-fd1a6d0 elementor-widget elementor-widget-heading\" data-id=\"fd1a6d0\" data-element_type=\"widget\" data-widget_type=\"heading.default\">\n\t\t\t\t<div class=\"elementor-widget-container\">\n\t\t\t<h2 class=\"elementor-heading-title elementor-size-default\">Ch\u00fang t\u00f4i lu\u00f4n s\u1eb5n s\u00e0ng th\u1ea3o lu\u1eadn<\/h2>\t\t<\/div>\n\t\t\t\t<\/div>\n\t\t\t\t\t<\/div>\n\t\t<\/div>\n\t\t\t\t<div class=\"elementor-column elementor-col-50 elementor-top-column elementor-element elementor-element-c597345\" data-id=\"c597345\" data-element_type=\"column\">\n\t\t\t<div class=\"elementor-widget-wrap elementor-element-populated\">\n\t\t\t\t\t\t\t\t<div class=\"elementor-element elementor-element-1a9c4d5 elementor-widget elementor-widget-heading\" data-id=\"1a9c4d5\" data-element_type=\"widget\" data-widget_type=\"heading.default\">\n\t\t\t\t<div class=\"elementor-widget-container\">\n\t\t\t<h2 class=\"elementor-heading-title elementor-size-default\">Nhu c\u1ea7u d\u1ecbch v\u1ee5 c\u1ee7a b\u1ea1n:<\/h2>\t\t<\/div>\n\t\t\t\t<\/div>\n\t\t\t\t<div class=\"elementor-element elementor-element-31cb3bb elementor-mobile-align-center elementor-widget elementor-widget-opal-contactform7\" data-id=\"31cb3bb\" data-element_type=\"widget\" data-widget_type=\"opal-contactform7.default\">\n\t\t\t\t<div class=\"elementor-widget-container\">\n\t\t\t<div role=\"form\" class=\"wpcf7\" id=\"wpcf7-f4020-o1\" lang=\"en-US\" dir=\"ltr\">\n<div class=\"screen-reader-response\"><p role=\"status\" aria-live=\"polite\" aria-atomic=\"true\"><\/p> <ul><\/ul><\/div>\n<form action=\"\/vn\/wp-json\/wp\/v2\/pages\/3018#wpcf7-f4020-o1\" method=\"post\" class=\"wpcf7-form init\" novalidate=\"novalidate\" data-status=\"init\">\n<div style=\"display: none;\">\n<input type=\"hidden\" name=\"_wpcf7\" value=\"4020\" \/>\n<input type=\"hidden\" name=\"_wpcf7_version\" value=\"5.6\" \/>\n<input type=\"hidden\" name=\"_wpcf7_locale\" value=\"en_US\" \/>\n<input type=\"hidden\" name=\"_wpcf7_unit_tag\" value=\"wpcf7-f4020-o1\" \/>\n<input type=\"hidden\" name=\"_wpcf7_container_post\" value=\"0\" \/>\n<input type=\"hidden\" name=\"_wpcf7_posted_data_hash\" value=\"\" \/>\n<\/div>\n<p><label><span class=\"wpcf7-form-control-wrap\" data-name=\"your-name\"><input type=\"text\" name=\"your-name\" value=\"\" size=\"40\" class=\"wpcf7-form-control wpcf7-text wpcf7-validates-as-required\" aria-required=\"true\" aria-invalid=\"false\" placeholder=\"T\u00ean c\u1ee7a b\u1ea1n\" \/><\/span> <\/label><label><span class=\"wpcf7-form-control-wrap\" data-name=\"Phone\"><input type=\"tel\" name=\"Phone\" value=\"\" size=\"40\" class=\"wpcf7-form-control wpcf7-text wpcf7-tel wpcf7-validates-as-required wpcf7-validates-as-tel\" aria-required=\"true\" aria-invalid=\"false\" placeholder=\"Phone number\" \/><\/span><\/label><label><span class=\"wpcf7-form-control-wrap\" data-name=\"your-email\"><input type=\"email\" name=\"your-email\" value=\"\" size=\"40\" class=\"wpcf7-form-control wpcf7-text wpcf7-email wpcf7-validates-as-required wpcf7-validates-as-email\" aria-required=\"true\" aria-invalid=\"false\" placeholder=\"Email\" \/><\/span> <\/label><label><span class=\"wpcf7-form-control-wrap\" data-name=\"your-message\"><textarea name=\"your-message\" cols=\"40\" rows=\"5\" class=\"wpcf7-form-control wpcf7-textarea\" aria-invalid=\"false\" placeholder=\"L\u1eddi nh\u1eafn\"><\/textarea><\/span> <\/label><br \/>\n<input type=\"submit\" value=\"G\u1eedi ngay\" class=\"wpcf7-form-control has-spinner wpcf7-submit\" \/><\/p>\n<div class=\"wpcf7-response-output\" aria-hidden=\"true\"><\/div><\/form><\/div>\t\t<\/div>\n\t\t\t\t<\/div>\n\t\t\t\t\t<\/div>\n\t\t<\/div>\n\t\t\t\t\t\t\t<\/div>\n\t\t<\/div>\n\t\t\t\t<div class=\"elementor-section elementor-top-section elementor-element elementor-element-13c0d5b elementor-section-stretched elementor-section-boxed elementor-section-height-default elementor-section-height-default\" data-id=\"13c0d5b\" data-element_type=\"section\" data-settings=\"{&quot;stretch_section&quot;:&quot;section-stretched&quot;}\">\n\t\t\t\t\t\t<div class=\"elementor-container elementor-column-gap-no\">\n\t\t\t\t\t<div class=\"elementor-column elementor-col-50 elementor-top-column elementor-element elementor-element-7e9f341\" data-id=\"7e9f341\" data-element_type=\"column\">\n\t\t\t<div class=\"elementor-widget-wrap\">\n\t\t\t\t\t\t\t\t\t<\/div>\n\t\t<\/div>\n\t\t\t\t<div class=\"elementor-column elementor-col-50 elementor-top-column elementor-element elementor-element-64c0681\" data-id=\"64c0681\" data-element_type=\"column\">\n\t\t\t<div class=\"elementor-widget-wrap elementor-element-populated\">\n\t\t\t\t\t\t\t\t<div class=\"elementor-element elementor-element-7e5c5d2 elementor-position-right elementor-view-default elementor-vertical-align-top elementor-widget elementor-widget-image-box\" data-id=\"7e5c5d2\" data-element_type=\"widget\" data-widget_type=\"image-box.default\">\n\t\t\t\t<div class=\"elementor-widget-container\">\n\t\t\t<div class=\"elementor-image-box-wrapper\"><div class=\"elementor-image-framed\"><figure class=\"elementor-image-box-img\"><img width=\"55\" height=\"55\" src=\"https:\/\/workspace.hicorp.vn\/vn\/wp-content\/uploads\/2018\/11\/h4_icon_phone.png\" class=\"elementor-animation-buzz-out attachment-full size-full\" alt=\"\" loading=\"lazy\" \/><\/figure><\/div><div class=\"elementor-image-box-content\"><h3 class=\"elementor-image-box-title\">Ho\u1eb7c g\u1ecdi cho ch\u00fang t\u00f4i<\/h3><p class=\"elementor-image-box-description\">(+84) 866 237 900<\/p><\/div><\/div>\t\t<\/div>\n\t\t\t\t<\/div>\n\t\t\t\t\t<\/div>\n\t\t<\/div>\n\t\t\t\t\t\t\t<\/div>\n\t\t<\/div>\n\t\t\t\t<div class=\"elementor-section elementor-top-section elementor-element elementor-element-d752cb0 elementor-section-stretched elementor-section-full_width elementor-section-height-default elementor-section-height-default\" data-id=\"d752cb0\" data-element_type=\"section\" data-settings=\"{&quot;stretch_section&quot;:&quot;section-stretched&quot;}\">\n\t\t\t\t\t\t<div class=\"elementor-container elementor-column-gap-no\">\n\t\t\t\t\t<div class=\"elementor-column elementor-col-100 elementor-top-column elementor-element elementor-element-9328e93\" data-id=\"9328e93\" data-element_type=\"column\">\n\t\t\t<div class=\"elementor-widget-wrap elementor-element-populated\">\n\t\t\t\t\t\t\t\t<div class=\"elementor-element elementor-element-a58d8a6 elementor-widget elementor-widget-text-editor\" data-id=\"a58d8a6\" data-element_type=\"widget\" data-widget_type=\"text-editor.default\">\n\t\t\t\t<div class=\"elementor-widget-container\">\n\t\t\t\t\t\t\t<iframe src=\"https:\/\/www.google.com\/maps\/embed?pb=!1m18!1m12!1m3!1d3724.6743788479494!2d105.82829211472291!3d21.005685886010873!2m3!1f0!2f0!3f0!3m2!1i1024!2i768!4f13.1!3m3!1m2!1s0x3135ac7e485d0def%3A0x2d03f5f54b58ec6d!2sCONINCO%20TOWER!5e0!3m2!1svi!2s!4v1638773552399!5m2!1svi!2s\" width=\"100%\" height=\"285\" style=\"border:0;\" allowfullscreen=\"\" loading=\"lazy\"><\/iframe>\t\t\t\t\t\t<\/div>\n\t\t\t\t<\/div>\n\t\t\t\t\t<\/div>\n\t\t<\/div>\n\t\t\t\t\t\t\t<\/div>\n\t\t<\/div>\n\t\t\t\t\t\t\t<\/div>\n\t\t","protected":false},"excerpt":{"rendered":"<p>LI\u00caN H\u1ec6 Ch\u00fang t\u00f4i lu\u00f4n s\u1eb5n s\u00e0ng th\u1ea3o lu\u1eadn Ch\u00fang t\u00f4i g\u1ed3m nh\u1eefng c\u00e1 nh\u00e2n t\u1eadn t\u00e2m, lu\u00f4n kh\u00f4ng ng\u1eebng n\u1ed7 l\u1ef1c \u0111\u1ec3 cung c\u1ea5p c\u00e1c d\u1ecbch v\u1ee5 \u0111\u1eb3ng c\u1ea5p th\u1ebf gi\u1edbi cho kh\u00e1ch h\u00e0ng. Kh\u00f4ng gian \u0111\u1eb3ng c\u1ea5p v\u00e0 tr\u1ea3i nghi\u1ec7m kh\u00e1ch h\u00e0ng ch\u00ednh l\u00e0 ngu\u1ed3n c\u1ea3m h\u1ee9ng cho ch\u00fang t\u00f4i gi\u00fap kh\u00e1ch h\u00e0ng &hellip; <\/p>\n<p class=\"link-more\"><a href=\"https:\/\/workspace.hicorp.vn\/vn\/lien-he\/\" class=\"more-link\">Read More <span class=\"screen-reader-text\"> &#8220;Li\u00ean h\u1ec7&#8221;<\/span><\/a><\/p>\n","protected":false},"author":6,"featured_media":0,"parent":0,"menu_order":0,"comment_status":"closed","ping_status":"closed","template":"","meta":[],"yoast_head":"<!-- This site is optimized with the Yoast SEO plugin v19.2 - https:\/\/yoast.com\/wordpress\/plugins\/seo\/ -->\n<title>Li\u00ean h\u1ec7 - HICORP WORKSPACE<\/title>\n<meta name=\"robots\" content=\"index, follow, max-snippet:-1, max-image-preview:large, max-video-preview:-1\" \/>\n<link rel=\"canonical\" href=\"https:\/\/workspace.hicorp.vn\/vn\/lien-he\/\" \/>\n<meta property=\"og:locale\" content=\"vi_VN\" \/>\n<meta property=\"og:type\" content=\"article\" \/>\n<meta property=\"og:title\" content=\"Li\u00ean h\u1ec7 - HICORP WORKSPACE\" \/>\n<meta property=\"og:description\" content=\"LI\u00caN H\u1ec6 Ch\u00fang t\u00f4i lu\u00f4n s\u1eb5n s\u00e0ng th\u1ea3o lu\u1eadn Ch\u00fang t\u00f4i g\u1ed3m nh\u1eefng c\u00e1 nh\u00e2n t\u1eadn t\u00e2m, lu\u00f4n kh\u00f4ng ng\u1eebng n\u1ed7 l\u1ef1c \u0111\u1ec3 cung c\u1ea5p c\u00e1c d\u1ecbch v\u1ee5 \u0111\u1eb3ng c\u1ea5p th\u1ebf gi\u1edbi cho kh\u00e1ch h\u00e0ng. Kh\u00f4ng gian \u0111\u1eb3ng c\u1ea5p v\u00e0 tr\u1ea3i nghi\u1ec7m kh\u00e1ch h\u00e0ng ch\u00ednh l\u00e0 ngu\u1ed3n c\u1ea3m h\u1ee9ng cho ch\u00fang t\u00f4i gi\u00fap kh\u00e1ch h\u00e0ng &hellip; Read More &quot;Li\u00ean h\u1ec7&quot;\" \/>\n<meta property=\"og:url\" content=\"https:\/\/workspace.hicorp.vn\/vn\/lien-he\/\" \/>\n<meta property=\"og:site_name\" content=\"HICORP WORKSPACE\" \/>\n<meta property=\"article:modified_time\" content=\"2022-11-30T04:30:45+00:00\" \/>\n<meta property=\"og:image\" content=\"https:\/\/workspace.hicorp.vn\/vn\/wp-content\/uploads\/2018\/11\/h4_icon_phone.png\" \/>\n<meta name=\"author\" content=\"admin\" \/>\n<meta name=\"twitter:card\" content=\"summary_large_image\" \/>\n<meta name=\"twitter:label1\" content=\"Est. reading time\" \/>\n\t<meta name=\"twitter:data1\" content=\"1 minute\" \/>\n<script type=\"application\/ld+json\" class=\"yoast-schema-graph\">{\"@context\":\"https:\/\/schema.org\",\"@graph\":[{\"@type\":\"WebSite\",\"@id\":\"https:\/\/workspace.hicorp.vn\/vn\/#website\",\"url\":\"https:\/\/workspace.hicorp.vn\/vn\/\",\"name\":\"HICORP WORKSPACE\",\"description\":\"Your solution\",\"potentialAction\":[{\"@type\":\"SearchAction\",\"target\":{\"@type\":\"EntryPoint\",\"urlTemplate\":\"https:\/\/workspace.hicorp.vn\/vn\/?s={search_term_string}\"},\"query-input\":\"required name=search_term_string\"}],\"inLanguage\":\"vi-VN\"},{\"@type\":\"ImageObject\",\"inLanguage\":\"vi-VN\",\"@id\":\"https:\/\/workspace.hicorp.vn\/vn\/lien-he\/#primaryimage\",\"url\":\"https:\/\/workspace.hicorp.vn\/vn\/wp-content\/uploads\/2018\/11\/h4_icon_phone.png\",\"contentUrl\":\"https:\/\/workspace.hicorp.vn\/vn\/wp-content\/uploads\/2018\/11\/h4_icon_phone.png\",\"width\":55,\"height\":55},{\"@type\":\"WebPage\",\"@id\":\"https:\/\/workspace.hicorp.vn\/vn\/lien-he\/#webpage\",\"url\":\"https:\/\/workspace.hicorp.vn\/vn\/lien-he\/\",\"name\":\"Li\u00ean h\u1ec7 - HICORP WORKSPACE\",\"isPartOf\":{\"@id\":\"https:\/\/workspace.hicorp.vn\/vn\/#website\"},\"primaryImageOfPage\":{\"@id\":\"https:\/\/workspace.hicorp.vn\/vn\/lien-he\/#primaryimage\"},\"datePublished\":\"2021-12-06T06:37:22+00:00\",\"dateModified\":\"2022-11-30T04:30:45+00:00\",\"breadcrumb\":{\"@id\":\"https:\/\/workspace.hicorp.vn\/vn\/lien-he\/#breadcrumb\"},\"inLanguage\":\"vi-VN\",\"potentialAction\":[{\"@type\":\"ReadAction\",\"target\":[\"https:\/\/workspace.hicorp.vn\/vn\/lien-he\/\"]}]},{\"@type\":\"BreadcrumbList\",\"@id\":\"https:\/\/workspace.hicorp.vn\/vn\/lien-he\/#breadcrumb\",\"itemListElement\":[{\"@type\":\"ListItem\",\"position\":1,\"name\":\"Home\",\"item\":\"https:\/\/workspace.hicorp.vn\/vn\/\"},{\"@type\":\"ListItem\",\"position\":2,\"name\":\"Li\u00ean h\u1ec7\"}]}]}<\/script>\n<!-- \/ Yoast SEO plugin. -->","yoast_head_json":{"title":"Li\u00ean h\u1ec7 - HICORP WORKSPACE","robots":{"index":"index","follow":"follow","max-snippet":"max-snippet:-1","max-image-preview":"max-image-preview:large","max-video-preview":"max-video-preview:-1"},"canonical":"https:\/\/workspace.hicorp.vn\/vn\/lien-he\/","og_locale":"vi_VN","og_type":"article","og_title":"Li\u00ean h\u1ec7 - HICORP WORKSPACE","og_description":"LI\u00caN H\u1ec6 Ch\u00fang t\u00f4i lu\u00f4n s\u1eb5n s\u00e0ng th\u1ea3o lu\u1eadn Ch\u00fang t\u00f4i g\u1ed3m nh\u1eefng c\u00e1 nh\u00e2n t\u1eadn t\u00e2m, lu\u00f4n kh\u00f4ng ng\u1eebng n\u1ed7 l\u1ef1c \u0111\u1ec3 cung c\u1ea5p c\u00e1c d\u1ecbch v\u1ee5 \u0111\u1eb3ng c\u1ea5p th\u1ebf gi\u1edbi cho kh\u00e1ch h\u00e0ng. Kh\u00f4ng gian \u0111\u1eb3ng c\u1ea5p v\u00e0 tr\u1ea3i nghi\u1ec7m kh\u00e1ch h\u00e0ng ch\u00ednh l\u00e0 ngu\u1ed3n c\u1ea3m h\u1ee9ng cho ch\u00fang t\u00f4i gi\u00fap kh\u00e1ch h\u00e0ng &hellip; Read More \"Li\u00ean h\u1ec7\"","og_url":"https:\/\/workspace.hicorp.vn\/vn\/lien-he\/","og_site_name":"HICORP WORKSPACE","article_modified_time":"2022-11-30T04:30:45+00:00","og_image":[{"url":"https:\/\/workspace.hicorp.vn\/vn\/wp-content\/uploads\/2018\/11\/h4_icon_phone.png"}],"author":"admin","twitter_card":"summary_large_image","twitter_misc":{"Est. reading time":"1 minute"},"schema":{"@context":"https:\/\/schema.org","@graph":[{"@type":"WebSite","@id":"https:\/\/workspace.hicorp.vn\/vn\/#website","url":"https:\/\/workspace.hicorp.vn\/vn\/","name":"HICORP WORKSPACE","description":"Your solution","potentialAction":[{"@type":"SearchAction","target":{"@type":"EntryPoint","urlTemplate":"https:\/\/workspace.hicorp.vn\/vn\/?s={search_term_string}"},"query-input":"required name=search_term_string"}],"inLanguage":"vi-VN"},{"@type":"ImageObject","inLanguage":"vi-VN","@id":"https:\/\/workspace.hicorp.vn\/vn\/lien-he\/#primaryimage","url":"https:\/\/workspace.hicorp.vn\/vn\/wp-content\/uploads\/2018\/11\/h4_icon_phone.png","contentUrl":"https:\/\/workspace.hicorp.vn\/vn\/wp-content\/uploads\/2018\/11\/h4_icon_phone.png","width":55,"height":55},{"@type":"WebPage","@id":"https:\/\/workspace.hicorp.vn\/vn\/lien-he\/#webpage","url":"https:\/\/workspace.hicorp.vn\/vn\/lien-he\/","name":"Li\u00ean h\u1ec7 - HICORP WORKSPACE","isPartOf":{"@id":"https:\/\/workspace.hicorp.vn\/vn\/#website"},"primaryImageOfPage":{"@id":"https:\/\/workspace.hicorp.vn\/vn\/lien-he\/#primaryimage"},"datePublished":"2021-12-06T06:37:22+00:00","dateModified":"2022-11-30T04:30:45+00:00","breadcrumb":{"@id":"https:\/\/workspace.hicorp.vn\/vn\/lien-he\/#breadcrumb"},"inLanguage":"vi-VN","potentialAction":[{"@type":"ReadAction","target":["https:\/\/workspace.hicorp.vn\/vn\/lien-he\/"]}]},{"@type":"BreadcrumbList","@id":"https:\/\/workspace.hicorp.vn\/vn\/lien-he\/#breadcrumb","itemListElement":[{"@type":"ListItem","position":1,"name":"Home","item":"https:\/\/workspace.hicorp.vn\/vn\/"},{"@type":"ListItem","position":2,"name":"Li\u00ean h\u1ec7"}]}]}},"_links":{"self":[{"href":"https:\/\/workspace.hicorp.vn\/vn\/wp-json\/wp\/v2\/pages\/3018"}],"collection":[{"href":"https:\/\/workspace.hicorp.vn\/vn\/wp-json\/wp\/v2\/pages"}],"about":[{"href":"https:\/\/workspace.hicorp.vn\/vn\/wp-json\/wp\/v2\/types\/page"}],"author":[{"embeddable":true,"href":"https:\/\/workspace.hicorp.vn\/vn\/wp-json\/wp\/v2\/users\/6"}],"replies":[{"embeddable":true,"href":"https:\/\/workspace.hicorp.vn\/vn\/wp-json\/wp\/v2\/comments?post=3018"}],"version-history":[{"count":50,"href":"https:\/\/workspace.hicorp.vn\/vn\/wp-json\/wp\/v2\/pages\/3018\/revisions"}],"predecessor-version":[{"id":5490,"href":"https:\/\/workspace.hicorp.vn\/vn\/wp-json\/wp\/v2\/pages\/3018\/revisions\/5490"}],"wp:attachment":[{"href":"https:\/\/workspace.hicorp.vn\/vn\/wp-json\/wp\/v2\/media?parent=3018"}],"curies":[{"name":"wp","href":"https:\/\/api.w.org\/{rel}","templated":true}]}}